{"id":318,"date":"2026-02-17T09:40:21","date_gmt":"2026-02-17T09:40:21","guid":{"rendered":"https:\/\/itsoneworld.com\/?page_id=318"},"modified":"2026-02-17T10:27:57","modified_gmt":"2026-02-17T10:27:57","slug":"318-2","status":"publish","type":"page","link":"https:\/\/itsoneworld.com\/de\/","title":{"rendered":"Werkzeuge f\u00fcr Weltb\u00fcrger"},"content":{"rendered":"<div class=\"et_pb_section_0 et_pb_section et_section_regular et_flex_section\">\n<div class=\"et_pb_row_0 et_pb_row et_flex_row\">\n<div class=\"et_pb_column_0 et_pb_column et-last-child et_flex_column et_pb_css_mix_blend_mode_passthrough et_flex_column_24_24 et_flex_column_24_24_tablet et_flex_column_24_24_phone\">\n<div class=\"et_pb_text_0 et_pb_text et_pb_bg_layout_light et_pb_module et_flex_module\"><div class=\"et_pb_text_inner\"><h1 data-path-to-node=\"4\"><span data-path-to-node=\"4,0\"><span class=\"citation-219\">ItsOneWorld: Werkzeuge f\u00fcr Weltb\u00fcrger<\/span><span class=\"citation-219\"> <\/span><\/span><span data-path-to-node=\"4,1\"><span class=\"citation-219 citation-end-219\"><source-footnote ng-version=\"0.0.0-PLACEHOLDER\" _nghost-ng-c3246726017=\"\"><sup _ngcontent-ng-c3246726017=\"\" class=\"superscript\"><\/sup><\/source-footnote><\/span><\/span><\/h1>\n<p data-path-to-node=\"5\"><span data-path-to-node=\"5,0\">Meistere die Landkarte. <\/span><span data-path-to-node=\"5,1\"><span class=\"citation-218\"><\/span><\/span><span data-path-to-node=\"5,2\"><span class=\"citation-218\">Bestimme \u00fcber dein Leben. <\/span><\/span><span data-path-to-node=\"5,3\"><span class=\"citation-218 citation-end-218\"><source-footnote ng-version=\"0.0.0-PLACEHOLDER\" _nghost-ng-c3246726017=\"\"><sup _ngcontent-ng-c3246726017=\"\" class=\"superscript\"><\/sup><\/source-footnote><\/span><\/span><\/p>\n<p data-path-to-node=\"6\"><span data-path-to-node=\"6,0\"><span class=\"citation-217\"><\/span><\/span><span data-path-to-node=\"6,1\"><span class=\"citation-217\">In einer Welt sich verschiebender Grenzen und digitalem Rauschen ist wahre Souver\u00e4nit\u00e4t die F\u00e4higkeit, zu deinen eigenen Bedingungen zu leben, zu arbeiten und erfolgreich zu sein. <\/span><\/span><\/p>\n<p data-path-to-node=\"6\"><span data-path-to-node=\"6,2\"><span class=\"citation-217 citation-end-217\"><source-footnote ng-version=\"0.0.0-PLACEHOLDER\" _nghost-ng-c3246726017=\"\"><sup _ngcontent-ng-c3246726017=\"\" class=\"superscript\"><\/sup><\/source-footnote><\/span><\/span><span data-path-to-node=\"6,3\"><span class=\"citation-216\"><\/span><\/span><span data-path-to-node=\"6,4\"><b data-path-to-node=\"6,4\" data-index-in-node=\"0\"><span class=\"citation-216\">ItsOneWorld ist dein Tor zu einem grenzenlosen Leben<\/span><\/b><span class=\"citation-216\">\u2014wir bieten die essenziellen Werkzeuge, verifizierten Strategien und globalen Einblicke, die du ben\u00f6tigst, um deinen eigenen Weg jenseits von Grenzen zu ebnen. <\/span><\/span><span data-path-to-node=\"6,5\"><span class=\"citation-216 citation-end-216\"><source-footnote ng-version=\"0.0.0-PLACEHOLDER\" _nghost-ng-c3246726017=\"\"><sup _ngcontent-ng-c3246726017=\"\" class=\"superscript\"><\/sup><\/source-footnote><\/span><\/span><\/p>\n<p data-path-to-node=\"7,0,1\"><span data-path-to-node=\"7,0,1,0\"><b data-path-to-node=\"7,0,1,0\" data-index-in-node=\"0\"><span class=\"citation-215\">Digitale Residenz<\/span><\/b><span class=\"citation-215\">: Meistere die neue Welt der Nomaden-Visa und steuerfreundlichen Rechtsr\u00e4ume. <\/span><\/span><span data-path-to-node=\"7,0,1,1\"><span class=\"citation-215 citation-end-215\"><source-footnote ng-version=\"0.0.0-PLACEHOLDER\" _nghost-ng-c3246726017=\"\"><sup _ngcontent-ng-c3246726017=\"\" class=\"superscript\"><\/sup><\/source-footnote><\/span><\/span><\/p>\n<p data-path-to-node=\"7,1,1\"><span data-path-to-node=\"7,1,1,0\"><b data-path-to-node=\"7,1,1,0\" data-index-in-node=\"0\"><span class=\"citation-214\">Globale Finanzen<\/span><\/b><span class=\"citation-214\">: Sichere dein Kapital mit internationalem Banking und grenzenlosen Zahlungstools. <\/span><\/span><span data-path-to-node=\"7,1,1,1\"><span class=\"citation-214 citation-end-214\"><source-footnote ng-version=\"0.0.0-PLACEHOLDER\" _nghost-ng-c3246726017=\"\"><sup _ngcontent-ng-c3246726017=\"\" class=\"superscript\"><\/sup><\/source-footnote><\/span><\/span><\/p>\n<p data-path-to-node=\"7,2,1\"><span data-path-to-node=\"7,2,1,0\"><b data-path-to-node=\"7,2,1,0\" data-index-in-node=\"0\"><span class=\"citation-213\">Freedom Tech<\/span><\/b><span class=\"citation-213\">: Essenzielle Hardware, eSIMs und Cybersicherheit f\u00fcr sicher reisende Menschen. <\/span><\/span><span data-path-to-node=\"7,2,1,1\"><span class=\"citation-213 citation-end-213\"><source-footnote ng-version=\"0.0.0-PLACEHOLDER\" _nghost-ng-c3246726017=\"\"><sup _ngcontent-ng-c3246726017=\"\" class=\"superscript\"><\/sup><\/source-footnote><\/span><\/span><\/p>\n<p data-path-to-node=\"7,3,1\"><span data-path-to-node=\"7,3,1,0\"><b data-path-to-node=\"7,3,1,0\" data-index-in-node=\"0\"><span class=\"citation-212\">Praktischer Frieden<\/span><\/b><span class=\"citation-212\">: Wir glauben daran, dass die Welt stabiler wird, wenn Individuen sicher, souver\u00e4n und \u00fcber Grenzen hinweg vernetzt sind. <\/span><\/span><span data-path-to-node=\"7,3,1,1\"><span class=\"citation-212 citation-end-212\"><source-footnote ng-version=\"0.0.0-PLACEHOLDER\" _nghost-ng-c3246726017=\"\"><sup _ngcontent-ng-c3246726017=\"\" class=\"superscript\"><\/sup><\/source-footnote><\/span><\/span><span data-path-to-node=\"7,3,1,2\"><span class=\"citation-211\"><\/span><\/span><span data-path-to-node=\"7,3,1,3\"><span class=\"citation-211\">Wir f\u00f6rdern praktische Solidarit\u00e4t durch gemeinsamen Erfolg und wirtschaftliche Freiheit. <\/span><\/span><span data-path-to-node=\"7,3,1,4\"><span class=\"citation-211 citation-end-211\"><source-footnote ng-version=\"0.0.0-PLACEHOLDER\" _nghost-ng-c3246726017=\"\"><sup _ngcontent-ng-c3246726017=\"\" class=\"superscript\"><\/sup><\/source-footnote><\/span><\/span><\/p>\n<p data-path-to-node=\"8\"><span data-path-to-node=\"8,0\">Die Welt ist ein einziger Ort. <\/span><span data-path-to-node=\"8,1\"><span class=\"citation-210\"><\/span><\/span><span data-path-to-node=\"8,2\"><span class=\"citation-210\">Mach ihn zu deinem. <\/span><\/span><span data-path-to-node=\"8,3\"><span class=\"citation-210 citation-end-210\"><source-footnote ng-version=\"0.0.0-PLACEHOLDER\" _nghost-ng-c3246726017=\"\"><sup _ngcontent-ng-c3246726017=\"\" class=\"superscript\"><\/sup><\/source-footnote><\/span><\/span><\/p>\n<\/div><\/div>\n<\/div>\n<\/div>\n<\/div>","protected":false},"excerpt":{"rendered":"","protected":false},"author":2,"featured_media":0,"parent":0,"menu_order":0,"comment_status":"closed","ping_status":"closed","template":"","meta":{"_acf_changed":false,"footnotes":""},"class_list":["post-318","page","type-page","status-publish","hentry"],"acf":[],"_links":{"self":[{"href":"https:\/\/itsoneworld.com\/de\/wp-json\/wp\/v2\/pages\/318","targetHints":{"allow":["GET"]}}],"collection":[{"href":"https:\/\/itsoneworld.com\/de\/wp-json\/wp\/v2\/pages"}],"about":[{"href":"https:\/\/itsoneworld.com\/de\/wp-json\/wp\/v2\/types\/page"}],"author":[{"embeddable":true,"href":"https:\/\/itsoneworld.com\/de\/wp-json\/wp\/v2\/users\/2"}],"replies":[{"embeddable":true,"href":"https:\/\/itsoneworld.com\/de\/wp-json\/wp\/v2\/comments?post=318"}],"version-history":[{"count":4,"href":"https:\/\/itsoneworld.com\/de\/wp-json\/wp\/v2\/pages\/318\/revisions"}],"predecessor-version":[{"id":327,"href":"https:\/\/itsoneworld.com\/de\/wp-json\/wp\/v2\/pages\/318\/revisions\/327"}],"wp:attachment":[{"href":"https:\/\/itsoneworld.com\/de\/wp-json\/wp\/v2\/media?parent=318"}],"curies":[{"name":"wp","href":"https:\/\/api.w.org\/{rel}","templated":true}]}}