{"id":328,"date":"2026-02-17T09:40:21","date_gmt":"2026-02-17T09:40:21","guid":{"rendered":"https:\/\/itsoneworld.com\/?page_id=328"},"modified":"2026-02-17T14:14:28","modified_gmt":"2026-02-17T14:14:28","slug":"herramientas-para-el-ciudadano-global","status":"publish","type":"page","link":"https:\/\/itsoneworld.com\/es\/","title":{"rendered":"Herramientas para el Ciudadano Global"},"content":{"rendered":"<div class=\"et_pb_section_0 et_pb_section et_section_regular et_flex_section\">\n<div class=\"et_pb_row_0 et_pb_row et_flex_row\">\n<div class=\"et_pb_column_0 et_pb_column et-last-child et_flex_column et_pb_css_mix_blend_mode_passthrough et_flex_column_24_24 et_flex_column_24_24_tablet et_flex_column_24_24_phone\">\n<div class=\"et_pb_text_0 et_pb_text et_pb_bg_layout_light et_pb_module et_flex_module\"><div class=\"et_pb_text_inner\"><h1 data-path-to-node=\"12\"><span data-path-to-node=\"12,0\"><span class=\"citation-209\">ItsOneWorld: Herramientas para el Ciudadano Global<\/span><span class=\"citation-209\"> <\/span><\/span><span data-path-to-node=\"12,1\"><span class=\"citation-209 citation-end-209\"><source-footnote ng-version=\"0.0.0-PLACEHOLDER\" _nghost-ng-c3246726017=\"\"><sup _ngcontent-ng-c3246726017=\"\" class=\"superscript\"><\/sup><\/source-footnote><\/span><\/span><\/h1>\n<p data-path-to-node=\"13\"><span data-path-to-node=\"13,0\">Domina el Mapa. <\/span><span data-path-to-node=\"13,1\"><span class=\"citation-208\"><\/span><\/span><span data-path-to-node=\"13,2\"><span class=\"citation-208\">S\u00e9 Due\u00f1o de tu Vida. <\/span><\/span><span data-path-to-node=\"13,3\"><span class=\"citation-208 citation-end-208\"><source-footnote ng-version=\"0.0.0-PLACEHOLDER\" _nghost-ng-c3246726017=\"\"><sup _ngcontent-ng-c3246726017=\"\" class=\"superscript\"><\/sup><\/source-footnote><\/span><\/span><\/p>\n<p data-path-to-node=\"14\"><span data-path-to-node=\"14,0\"><span class=\"citation-207\"><\/span><\/span><span data-path-to-node=\"14,1\"><span class=\"citation-207\">En un mundo de fronteras cambiantes y ruido digital, la verdadera soberan\u00eda es la capacidad de vivir, trabajar y prosperar bajo tus propios t\u00e9rminos. <\/span><\/span><span data-path-to-node=\"14,2\"><span class=\"citation-207 citation-end-207\"><source-footnote ng-version=\"0.0.0-PLACEHOLDER\" _nghost-ng-c3246726017=\"\"><sup _ngcontent-ng-c3246726017=\"\" class=\"superscript\"><\/sup><\/source-footnote><\/span><\/span><span data-path-to-node=\"14,3\"><span class=\"citation-206\"><\/span><\/span><span data-path-to-node=\"14,4\"><b data-path-to-node=\"14,4\" data-index-in-node=\"0\"><span class=\"citation-206\">ItsOneWorld es tu puerta de entrada a una vida sin fronteras<\/span><\/b><span class=\"citation-206\">, proporcionando las herramientas esenciales, estrategias verificadas y conocimientos globales necesarios para construir tu camino m\u00e1s all\u00e1 de los l\u00edmites. <\/span><\/span><span data-path-to-node=\"14,5\"><span class=\"citation-206 citation-end-206\"><source-footnote ng-version=\"0.0.0-PLACEHOLDER\" _nghost-ng-c3246726017=\"\"><sup _ngcontent-ng-c3246726017=\"\" class=\"superscript\"><\/sup><\/source-footnote><\/span><\/span><\/p>\n<p data-path-to-node=\"15,0,1\"><span data-path-to-node=\"15,0,1,0\"><b data-path-to-node=\"15,0,1,0\" data-index-in-node=\"0\"><span class=\"citation-205\">Residencia Digital<\/span><\/b><span class=\"citation-205\">: Domina el nuevo mundo de las visas para n\u00f3madas y las jurisdicciones fiscalmente favorables. <\/span><\/span><span data-path-to-node=\"15,0,1,1\"><span class=\"citation-205 citation-end-205\"><source-footnote ng-version=\"0.0.0-PLACEHOLDER\" _nghost-ng-c3246726017=\"\"><sup _ngcontent-ng-c3246726017=\"\" class=\"superscript\"><\/sup><\/source-footnote><\/span><\/span><\/p>\n<p data-path-to-node=\"15,1,1\"><span data-path-to-node=\"15,1,1,0\"><b data-path-to-node=\"15,1,1,0\" data-index-in-node=\"0\"><span class=\"citation-204\">Finanzas Globales<\/span><\/b><span class=\"citation-204\">: Protege tu capital con banca internacional y herramientas de pago sin fronteras. <\/span><\/span><span data-path-to-node=\"15,1,1,1\"><span class=\"citation-204 citation-end-204\"><source-footnote ng-version=\"0.0.0-PLACEHOLDER\" _nghost-ng-c3246726017=\"\"><sup _ngcontent-ng-c3246726017=\"\" class=\"superscript\"><\/sup><\/source-footnote><\/span><\/span><\/p>\n<p data-path-to-node=\"15,2,1\"><span data-path-to-node=\"15,2,1,0\"><b data-path-to-node=\"15,2,1,0\" data-index-in-node=\"0\"><span class=\"citation-203\">Freedom Tech<\/span><\/b><span class=\"citation-203\">: Hardware esencial, eSIMs y ciberseguridad para el viajero seguro. <\/span><\/span><span data-path-to-node=\"15,2,1,1\"><span class=\"citation-203 citation-end-203\"><source-footnote ng-version=\"0.0.0-PLACEHOLDER\" _nghost-ng-c3246726017=\"\"><sup _ngcontent-ng-c3246726017=\"\" class=\"superscript\"><\/sup><\/source-footnote><\/span><\/span><\/p>\n<p data-path-to-node=\"15,3,1\"><span data-path-to-node=\"15,3,1,0\"><b data-path-to-node=\"15,3,1,0\" data-index-in-node=\"0\"><span class=\"citation-202\">Paz Pr\u00e1ctica<\/span><\/b><span class=\"citation-202\">: Creemos que cuando los individuos est\u00e1n seguros, son soberanos y est\u00e1n conectados a trav\u00e9s de las fronteras, el mundo se vuelve m\u00e1s estable. <\/span><\/span><span data-path-to-node=\"15,3,1,1\"><span class=\"citation-202 citation-end-202\"><source-footnote ng-version=\"0.0.0-PLACEHOLDER\" _nghost-ng-c3246726017=\"\"><sup _ngcontent-ng-c3246726017=\"\" class=\"superscript\"><\/sup><\/source-footnote><\/span><\/span><span data-path-to-node=\"15,3,1,2\"><span class=\"citation-201\"><\/span><\/span><span data-path-to-node=\"15,3,1,3\"><span class=\"citation-201\">Fomentamos la solidaridad pr\u00e1ctica a trav\u00e9s del \u00e9xito compartido y la libertad econ\u00f3mica. <\/span><\/span><span data-path-to-node=\"15,3,1,4\"><span class=\"citation-201 citation-end-201\"><source-footnote ng-version=\"0.0.0-PLACEHOLDER\" _nghost-ng-c3246726017=\"\"><sup _ngcontent-ng-c3246726017=\"\" class=\"superscript\"><\/sup><\/source-footnote><\/span><\/span><\/p>\n<p data-path-to-node=\"16\"><span data-path-to-node=\"16,0\">El mundo es un solo lugar. <\/span><span data-path-to-node=\"16,1\"><span class=\"citation-200\"><\/span><\/span><span data-path-to-node=\"16,2\"><span class=\"citation-200\">Hazlo tuyo. <\/span><\/span><span data-path-to-node=\"16,3\"><span class=\"citation-200 citation-end-200\"><source-footnote ng-version=\"0.0.0-PLACEHOLDER\" _nghost-ng-c3246726017=\"\"><sup _ngcontent-ng-c3246726017=\"\" class=\"superscript\"><\/sup><\/source-footnote><\/span><\/span><\/p>\n<\/div><\/div>\n<\/div>\n<\/div>\n<\/div>","protected":false},"excerpt":{"rendered":"","protected":false},"author":2,"featured_media":0,"parent":0,"menu_order":0,"comment_status":"closed","ping_status":"closed","template":"","meta":{"_acf_changed":false,"footnotes":""},"class_list":["post-328","page","type-page","status-publish","hentry"],"acf":[],"_links":{"self":[{"href":"https:\/\/itsoneworld.com\/es\/wp-json\/wp\/v2\/pages\/328","targetHints":{"allow":["GET"]}}],"collection":[{"href":"https:\/\/itsoneworld.com\/es\/wp-json\/wp\/v2\/pages"}],"about":[{"href":"https:\/\/itsoneworld.com\/es\/wp-json\/wp\/v2\/types\/page"}],"author":[{"embeddable":true,"href":"https:\/\/itsoneworld.com\/es\/wp-json\/wp\/v2\/users\/2"}],"replies":[{"embeddable":true,"href":"https:\/\/itsoneworld.com\/es\/wp-json\/wp\/v2\/comments?post=328"}],"version-history":[{"count":4,"href":"https:\/\/itsoneworld.com\/es\/wp-json\/wp\/v2\/pages\/328\/revisions"}],"predecessor-version":[{"id":332,"href":"https:\/\/itsoneworld.com\/es\/wp-json\/wp\/v2\/pages\/328\/revisions\/332"}],"wp:attachment":[{"href":"https:\/\/itsoneworld.com\/es\/wp-json\/wp\/v2\/media?parent=328"}],"curies":[{"name":"wp","href":"https:\/\/api.w.org\/{rel}","templated":true}]}}