{"id":322,"date":"2026-02-17T09:40:21","date_gmt":"2026-02-17T09:40:21","guid":{"rendered":"https:\/\/itsoneworld.com\/?page_id=322"},"modified":"2026-02-17T14:16:07","modified_gmt":"2026-02-17T14:16:07","slug":"outils-pour-le-citoyen-du-monde","status":"publish","type":"page","link":"https:\/\/itsoneworld.com\/fr\/","title":{"rendered":"Outils pour le citoyen du monde"},"content":{"rendered":"<div class=\"et_pb_section_0 et_pb_section et_section_regular et_flex_section\">\n<div class=\"et_pb_row_0 et_pb_row et_flex_row\">\n<div class=\"et_pb_column_0 et_pb_column et-last-child et_flex_column et_pb_css_mix_blend_mode_passthrough et_flex_column_24_24 et_flex_column_24_24_tablet et_flex_column_24_24_phone\">\n<div class=\"et_pb_text_0 et_pb_text et_pb_bg_layout_light et_pb_module et_flex_module\"><div class=\"et_pb_text_inner\"><h1 data-path-to-node=\"20\"><span data-path-to-node=\"20,0\"><span class=\"citation-199\">ItsOneWorld : Outils pour le citoyen du monde<\/span><span class=\"citation-199\"> <\/span><\/span><span data-path-to-node=\"20,1\"><span class=\"citation-199 citation-end-199\"><source-footnote ng-version=\"0.0.0-PLACEHOLDER\" _nghost-ng-c3246726017=\"\"><sup _ngcontent-ng-c3246726017=\"\" class=\"superscript\"><\/sup><\/source-footnote><\/span><\/span><\/h1>\n<p data-path-to-node=\"21\"><span data-path-to-node=\"21,0\">Ma\u00eetrisez la carte. <\/span><span data-path-to-node=\"21,1\"><span class=\"citation-198\"><\/span><\/span><span data-path-to-node=\"21,2\"><span class=\"citation-198\">Soyez ma\u00eetre de votre vie. <\/span><\/span><span data-path-to-node=\"21,3\"><span class=\"citation-198 citation-end-198\"><source-footnote ng-version=\"0.0.0-PLACEHOLDER\" _nghost-ng-c3246726017=\"\"><sup _ngcontent-ng-c3246726017=\"\" class=\"superscript\"><\/sup><\/source-footnote><\/span><\/span><\/p>\n<p data-path-to-node=\"22\"><span data-path-to-node=\"22,0\"><span class=\"citation-197\"><\/span><\/span><span data-path-to-node=\"22,1\"><span class=\"citation-197\">Dans un monde de fronti\u00e8res mouvantes et de bruit num\u00e9rique, la v\u00e9ritable souverainet\u00e9 est la capacit\u00e9 de vivre, de travailler et de s'\u00e9panouir selon ses propres conditions. <\/span><\/span><\/p>\n<p data-path-to-node=\"22\"><span data-path-to-node=\"22,2\"><span class=\"citation-197 citation-end-197\"><source-footnote ng-version=\"0.0.0-PLACEHOLDER\" _nghost-ng-c3246726017=\"\"><sup _ngcontent-ng-c3246726017=\"\" class=\"superscript\"><\/sup><\/source-footnote><\/span><\/span><span data-path-to-node=\"22,3\"><span class=\"citation-196\"><\/span><\/span><span data-path-to-node=\"22,4\"><b data-path-to-node=\"22,4\" data-index-in-node=\"0\"><span class=\"citation-196\">ItsOneWorld est votre porte d'entr\u00e9e vers une vie sans fronti\u00e8res<\/span><\/b><span class=\"citation-196\">\u2014en vous fournissant les outils essentiels, les strat\u00e9gies v\u00e9rifi\u00e9es et les perspectives mondiales n\u00e9cessaires pour tracer votre chemin au-del\u00e0 des limites. <\/span><\/span><span data-path-to-node=\"22,5\"><span class=\"citation-196 citation-end-196\"><source-footnote ng-version=\"0.0.0-PLACEHOLDER\" _nghost-ng-c3246726017=\"\"><sup _ngcontent-ng-c3246726017=\"\" class=\"superscript\"><\/sup><\/source-footnote><\/span><\/span><\/p>\n<p data-path-to-node=\"23,0,0\"><b data-path-to-node=\"23,0,1,0\" data-index-in-node=\"0\" style=\"font-size: 14px;\"><span class=\"citation-195\">R\u00e9sidence num\u00e9rique<\/span><\/b><span class=\"citation-195\" style=\"font-size: 14px;\"> : Ma\u00eetrisez le nouveau monde des visas nomades et des juridictions fiscalement avantageuses.<\/span><span class=\"citation-195\"><\/span><\/p>\n<p data-path-to-node=\"23,1,0\"><b data-path-to-node=\"23,1,1,0\" data-index-in-node=\"0\" style=\"font-size: 14px;\"><span class=\"citation-194\">Finance mondiale<\/span><\/b><span class=\"citation-194\" style=\"font-size: 14px;\"> : S\u00e9curisez votre capital gr\u00e2ce aux services bancaires internationaux et aux outils de paiement sans fronti\u00e8res.<\/span><span class=\"citation-194\"><\/span><\/p>\n<p data-path-to-node=\"23,2,1\"><span data-path-to-node=\"23,2,1,0\"><b data-path-to-node=\"23,2,1,0\" data-index-in-node=\"0\"><span class=\"citation-193\">Freedom Tech<\/span><\/b><span class=\"citation-193\"> : Mat\u00e9riel essentiel, eSIMs et cybers\u00e9curit\u00e9 pour le voyageur averti. <\/span><\/span><span data-path-to-node=\"23,2,1,1\"><span class=\"citation-193 citation-end-193\"><source-footnote ng-version=\"0.0.0-PLACEHOLDER\" _nghost-ng-c3246726017=\"\"><sup _ngcontent-ng-c3246726017=\"\" class=\"superscript\"><\/sup><\/source-footnote><\/span><\/span><\/p>\n<p data-path-to-node=\"23,3,1\"><span data-path-to-node=\"23,3,1,0\"><b data-path-to-node=\"23,3,1,0\" data-index-in-node=\"0\"><span class=\"citation-192\">Paix pratique<\/span><\/b><span class=\"citation-192\"> : Nous pensons que lorsque les individus sont en s\u00e9curit\u00e9, souverains et connect\u00e9s au-del\u00e0 des fronti\u00e8res, le monde devient plus stable. <\/span><\/span><span data-path-to-node=\"23,3,1,1\"><span class=\"citation-192 citation-end-192\"><source-footnote ng-version=\"0.0.0-PLACEHOLDER\" _nghost-ng-c3246726017=\"\"><sup _ngcontent-ng-c3246726017=\"\" class=\"superscript\"><\/sup><\/source-footnote><\/span><\/span><span data-path-to-node=\"23,3,1,2\"><span class=\"citation-191\"><\/span><\/span><span data-path-to-node=\"23,3,1,3\"><span class=\"citation-191\">Nous encourageons la solidarit\u00e9 pratique par la r\u00e9ussite partag\u00e9e et la libert\u00e9 \u00e9conomique. <\/span><\/span><span data-path-to-node=\"23,3,1,4\"><span class=\"citation-191 citation-end-191\"><source-footnote ng-version=\"0.0.0-PLACEHOLDER\" _nghost-ng-c3246726017=\"\"><sup _ngcontent-ng-c3246726017=\"\" class=\"superscript\"><\/sup><\/source-footnote><\/span><\/span><\/p>\n<p data-path-to-node=\"24\"><span data-path-to-node=\"24,0\">Le monde est un seul endroit. <\/span><span data-path-to-node=\"24,1\"><span class=\"citation-190\"><\/span><\/span><span data-path-to-node=\"24,2\"><span class=\"citation-190\">Faites-en le v\u00f4tre. <\/span><\/span><span data-path-to-node=\"24,3\"><span class=\"citation-190 citation-end-190\"><source-footnote ng-version=\"0.0.0-PLACEHOLDER\" _nghost-ng-c3246726017=\"\"><sup _ngcontent-ng-c3246726017=\"\" class=\"superscript\"><\/sup><\/source-footnote><\/span><\/span><\/p>\n<\/div><\/div>\n<\/div>\n<\/div>\n<\/div>","protected":false},"excerpt":{"rendered":"","protected":false},"author":2,"featured_media":0,"parent":0,"menu_order":0,"comment_status":"closed","ping_status":"closed","template":"","meta":{"_acf_changed":false,"footnotes":""},"class_list":["post-322","page","type-page","status-publish","hentry"],"acf":[],"_links":{"self":[{"href":"https:\/\/itsoneworld.com\/fr\/wp-json\/wp\/v2\/pages\/322","targetHints":{"allow":["GET"]}}],"collection":[{"href":"https:\/\/itsoneworld.com\/fr\/wp-json\/wp\/v2\/pages"}],"about":[{"href":"https:\/\/itsoneworld.com\/fr\/wp-json\/wp\/v2\/types\/page"}],"author":[{"embeddable":true,"href":"https:\/\/itsoneworld.com\/fr\/wp-json\/wp\/v2\/users\/2"}],"replies":[{"embeddable":true,"href":"https:\/\/itsoneworld.com\/fr\/wp-json\/wp\/v2\/comments?post=322"}],"version-history":[{"count":5,"href":"https:\/\/itsoneworld.com\/fr\/wp-json\/wp\/v2\/pages\/322\/revisions"}],"predecessor-version":[{"id":333,"href":"https:\/\/itsoneworld.com\/fr\/wp-json\/wp\/v2\/pages\/322\/revisions\/333"}],"wp:attachment":[{"href":"https:\/\/itsoneworld.com\/fr\/wp-json\/wp\/v2\/media?parent=322"}],"curies":[{"name":"wp","href":"https:\/\/api.w.org\/{rel}","templated":true}]}}